{"id":8,"date":"2020-09-24T16:16:59","date_gmt":"2020-09-24T16:16:59","guid":{"rendered":"https:\/\/estaikido.ee\/?page_id=8"},"modified":"2023-06-23T17:34:32","modified_gmt":"2023-06-23T14:34:32","slug":"about","status":"publish","type":"page","link":"https:\/\/estaikido.ee\/et\/","title":{"rendered":"Aikidost"},"content":{"rendered":"<p><img loading=\"lazy\" decoding=\"async\" width=\"270\" height=\"368\" src=\"https:\/\/estaikido.ee\/wp-content\/uploads\/2021\/10\/Morihei_Ueshiba_Portrait.jpg\" alt=\"O-Sensei\" class=\"alignnone size-full wp-image-258\" style=\"margin-right: 10px; float: left;\" srcset=\"https:\/\/estaikido.ee\/wp-content\/uploads\/2021\/10\/Morihei_Ueshiba_Portrait.jpg 270w, https:\/\/estaikido.ee\/wp-content\/uploads\/2021\/10\/Morihei_Ueshiba_Portrait-220x300.jpg 220w, https:\/\/estaikido.ee\/wp-content\/uploads\/2021\/10\/Morihei_Ueshiba_Portrait-154x210.jpg 154w\" sizes=\"auto, (max-width: 270px) 100vw, 270px\" \/><a href=\"http:\/\/en.wikipedia.org\/wiki\/Aikido\" target=\"_blank\" rel=\"noopener\">Aikido<\/a>\u00a0(\u00a0<span class=\"t_nihongo_kanji\" lang=\"ja\">\u5408\u6c17\u9053<\/span>\u00a0) on Jaapani v\u00f5itluskunst, mis on loodud\u00a0<a href=\"http:\/\/en.wikipedia.org\/wiki\/Morihei_Ueshiba\" target=\"_blank\" rel=\"noopener\">Morihei Ueshiba (O-Sensei)<\/a>  poolt 20. sajandi alguses. Selle v\u00f5itluskunsti p\u00f5hiline erinevus teiste sarnaste kunstide seas oli loobumine v\u00f5istlemisest, mist\u00f5ttu aikido&#8217;d spordialana ei tunta. Aikido looja endise s\u00f5jamehena tundis vajadust luua selline enesekaitse tehnikate s\u00fcsteem, kus eesm\u00e4rgiks ei ole seatud vastase h\u00e4vitamine, vaid kontroll tema \u00fcle. Enamik aikidotehnikaid on tuletatud varem eksisteerinud v\u00f5itluskunstidest, kuid aikido kandev idee on neist erinev &#8211; olla r\u00fcndajast vaimselt k\u00f5rgemal ning mitte p\u00fc\u00fcda teda tappa. Seda p\u00f5him\u00f5tet on Jaapanis asuv aikido peakorter <a href=\"http:\/\/www.aikikai.or.jp\/eng\/\" target=\"_blank\" rel=\"noopener\">Hombu Dojo<\/a> j\u00e4\u00e4nud kandma t\u00e4nase p\u00e4evani.<\/p>\n<p>Aikido treeningud, seminarid ja demonstratsioonid on \u00fcles ehitatud selliselt, et iga\u00fcks peab suutma treenida iga\u00fchega koos, olgu tegu mehega v\u00f5i naisega ning s\u00f5ltumata tema vanusest. Koosk\u00f5la on aikido treeningul v\u00f5tmet\u00e4htsusega, et m\u00f5ista aikido looja eesm\u00e4rki liikuda harmoonilisema maailma poole, kus m\u00f5ttetule v\u00e4givallale pole enam kohta. Aikido tehnikad on loodud enesekaitseks, kuid samal ajal ka meelerahu s\u00e4ilitamiseks olukorras, kus konfliktne situatsioon on juba k\u00e4es ja see peab leidma lahenduse.<\/p>\n<p>Eestisse j\u00f5udis aikido 20. sajandi l\u00f5pupoole, kui seda v\u00f5itluskunsti Tallinnas esimest korda demonstratsioonil esitleti ja tekkis grupp harrastajaid, kes hiljem l\u00f5id oma klubid ning kutsusid alaga tegelema teisi huvilisi. Nende klubide tegevus ja aikido traditsiooni teke Eestis l\u00f5id v\u00f5imaluse Eesti Aikidoliidu s\u00fcnniks ning organisatsiooni liitumiseks rahvusvahelise s\u00fcsteemiga, mida tuntakse t\u00e4nap\u00e4eval nime all <a href=\"https:\/\/www.aikido-international.org\" target=\"_blank\" rel=\"noopener\"><em>International Aikido Federation<\/em><\/a> (IAF)<\/p>\n","protected":false},"excerpt":{"rendered":"<p>Aikido\u00a0(\u00a0\u5408\u6c17\u9053\u00a0) on Jaapani v\u00f5itluskunst, mis on loodud\u00a0Morihei Ueshiba (O-Sensei) poolt 20. sajandi alguses. Selle v\u00f5itluskunsti p\u00f5hiline erinevus teiste sarnaste kunstide seas oli loobumine v\u00f5istlemisest, mist\u00f5ttu aikido&#8217;d spordialana ei tunta. Aikido &hellip; <a class=\"readmore\" href=\"https:\/\/estaikido.ee\/et\/\">J\u00e4tka lugemist \u2192<\/a><\/p>\n","protected":false},"author":1,"featured_media":0,"parent":0,"menu_order":0,"comment_status":"closed","ping_status":"closed","template":"","meta":{"advgb_blocks_editor_width":"","advgb_blocks_columns_visual_guide":"","footnotes":""},"class_list":["post-8","page","type-page","status-publish","hentry"],"coauthors":[],"author_meta":{"author_link":"https:\/\/estaikido.ee\/et\/author\/admin\/","display_name":"admin"},"relative_dates":{"created":"Posted 6 aastat ago","modified":"Updated 3 aastat ago"},"absolute_dates":{"created":"Posted on september 24, 2020","modified":"Updated on juuni 23, 2023"},"absolute_dates_time":{"created":"Posted on september 24, 2020 16:16","modified":"Updated on juuni 23, 2023 17:34"},"featured_img_caption":"","featured_img":false,"series_order":"","_links":{"self":[{"href":"https:\/\/estaikido.ee\/et\/wp-json\/wp\/v2\/pages\/8","targetHints":{"allow":["GET"]}}],"collection":[{"href":"https:\/\/estaikido.ee\/et\/wp-json\/wp\/v2\/pages"}],"about":[{"href":"https:\/\/estaikido.ee\/et\/wp-json\/wp\/v2\/types\/page"}],"author":[{"embeddable":true,"href":"https:\/\/estaikido.ee\/et\/wp-json\/wp\/v2\/users\/1"}],"replies":[{"embeddable":true,"href":"https:\/\/estaikido.ee\/et\/wp-json\/wp\/v2\/comments?post=8"}],"version-history":[{"count":22,"href":"https:\/\/estaikido.ee\/et\/wp-json\/wp\/v2\/pages\/8\/revisions"}],"predecessor-version":[{"id":410,"href":"https:\/\/estaikido.ee\/et\/wp-json\/wp\/v2\/pages\/8\/revisions\/410"}],"wp:attachment":[{"href":"https:\/\/estaikido.ee\/et\/wp-json\/wp\/v2\/media?parent=8"}],"curies":[{"name":"wp","href":"https:\/\/api.w.org\/{rel}","templated":true}]}}