{"id":431,"date":"2023-09-21T09:49:35","date_gmt":"2023-09-21T06:49:35","guid":{"rendered":"https:\/\/estaikido.ee\/?page_id=431"},"modified":"2026-03-14T00:35:09","modified_gmt":"2026-03-13T21:35:09","slug":"artikkel","status":"publish","type":"page","link":"https:\/\/estaikido.ee\/et\/artikkel\/","title":{"rendered":"Artikkel"},"content":{"rendered":"<p style=\"text-align: center;\"><strong>Kuidas sai alguse Jaapani v\u00f5itluskunsti aikido harrastamine Eestis?<\/strong><\/p>\n<p style=\"text-align: center;\"><strong>Aikido on Jaapani v\u00f5itluskunst, millega on Eestis tegeletud aktiivselt juba \u00fcle 30. aasta. Kuigi v\u00f5ib \u00f6elda, et aikido t\u00f5id Eestisse soomlased, j\u00f5udsid juba 1990. aastatel siia seminare l\u00e4bi viima ka Jaapani meistrid.<\/strong><\/p>\n<p>Teadaolevalt toimus esimene aikido tutvustus Eestis 1980. aastate alguses Soome aikidotreeneri Rainer Varise eestvedamisel \u00fchel karatev\u00f5istlusel. Esitlusest innustatuna tekkis v\u00e4ike r\u00fchm huvilisi, kes soovisid hakata omal k\u00e4el seda m\u00fcstilisena tunduvat v\u00f5itluskunsti harrastama. Esimeste pioneeride hulgas olid Vello Salumets, Janno P\u00f5ldma, Igor Neemre ja Ants Tedresaar. Nendega hiljem liitunud ja t\u00e4naseni tegev aikidotreener Rein Ausmees meenutab seda aega:<\/p>\n<p>\u201eMinu esmane tutvus aikidoga toimus l\u00e4bi Sato Nagashima raamatu \u201eAikido Basico\u201d juba aastal 1981. Reaalses elus n\u00e4gin seda ala umbes aasta hiljem Peruus ning 1985. aastal liitusin Eestis alustanud r\u00fchmaga. Harjutasime tehnikaid, mida sai kopeeritud k\u00e4ttesaadavatest raamatutest ja videotest ning suurt abi saime soomlastelt, peamiselt Jorma Rissanenilt ja Hannu Juntunenilt Kuopio aikidoklubist Tenchikan.\u201d<\/p>\n<p style=\"text-align: center;\"><strong>Esimesed salajased treeninguid riietusruumides ja keldrites<\/strong><\/p>\n<p>Soome aikidotreener Jorma \u201eJore\u201d Rissanen meenutab, et kuulis aikidost Eestis esmakordselt kolleeg Rainer Variselt ning kui ta 1980. aastate keskel kohtus Eestis Raadio ajakirjaniku Vello Salumetsaga, hakati koos kaardistama, kuidas Eestis aikidod ja sellega tegelemist toetada. \u201eTollal kontrollis ju Moskva k\u00f5iki sporditegevusi ja ainsad lubatud v\u00f5itluskunstid olid judo ja maadlus. Alustasime salajaste treeningutega riietusruumides, kortermajade keldrites ja Pirita Ol\u00fcmpiapurjespordikeskuses, kus olid ehtsad tatamimatid.\u201d<\/p>\n<p style=\"text-align: center;\"><img loading=\"lazy\" decoding=\"async\" class=\"alignnone wp-image-439 size-full\" src=\"https:\/\/estaikido.ee\/wp-content\/uploads\/2023\/09\/aikidoTallinnasadam-scaled-e1695283436249.jpg\" alt=\"aikidoTallinnasadam\" width=\"2560\" height=\"1779\" srcset=\"https:\/\/estaikido.ee\/wp-content\/uploads\/2023\/09\/aikidoTallinnasadam-scaled-e1695283436249.jpg 2560w, https:\/\/estaikido.ee\/wp-content\/uploads\/2023\/09\/aikidoTallinnasadam-scaled-e1695283436249-300x208.jpg 300w, https:\/\/estaikido.ee\/wp-content\/uploads\/2023\/09\/aikidoTallinnasadam-scaled-e1695283436249-1024x712.jpg 1024w, https:\/\/estaikido.ee\/wp-content\/uploads\/2023\/09\/aikidoTallinnasadam-scaled-e1695283436249-768x534.jpg 768w, https:\/\/estaikido.ee\/wp-content\/uploads\/2023\/09\/aikidoTallinnasadam-scaled-e1695283436249-1536x1067.jpg 1536w, https:\/\/estaikido.ee\/wp-content\/uploads\/2023\/09\/aikidoTallinnasadam-scaled-e1695283436249-2048x1423.jpg 2048w, https:\/\/estaikido.ee\/wp-content\/uploads\/2023\/09\/aikidoTallinnasadam-scaled-e1695283436249-18x12.jpg 18w, https:\/\/estaikido.ee\/wp-content\/uploads\/2023\/09\/aikidoTallinnasadam-scaled-e1695283436249-210x146.jpg 210w\" sizes=\"auto, (max-width: 2560px) 100vw, 2560px\" \/> <em>Paremalt vasakule &#8211; esimene Jorma Rissanen, tema k\u00f5rval Janno P\u00f5ldma ja Vello Salumets<\/em><\/p>\n<p>Rissanen k\u00e4is n\u00f5ukogude ajal Eestis mitu korda ja aitas huvilistel elementaarseid v\u00f5tteid harjutada. Samuti k\u00e4isid Ausmees ja Tedresaar hiljem soomlaste kutsel Kuopios laagrites ning tasapisi hakkas ala Eestis kanda kinnitama. Iseseisvumisel muutus seoses reisimisvabadusega laagrite korraldamine ja k\u00fclastamine elavamaks \u2013 siia s\u00f5itsid laagreid vedama ja huvilisi koolitama ka sellised suured aikido\u00f5petajad nagu Yasuo Kobayashi 8. Dan ja Nobuyosi Tamura 8. Dan, kes olid noorena olnud aikido looja Morihei Ueshiba \u00f5pilased. Soome treeneritest lisaks Rissanenile aga said Juhani Laisi ning Jukka Helminen Eesti harrastajatega suurteks s\u00f5pradeks ja korraldasid Tallinnas hiljem mitmeid seminare.<\/p>\n<p style=\"text-align: center;\"><strong>Aikido harrastamiseks pole keegi liiga vana<\/strong><\/p>\n<p>Andrei Dikarevi s\u00f5nul luges tema aikido kohta esmakordselt aikido eestvedaja ja oma suuna kujundaja Ljubomir Vra\u010darevi\u0107i raamatust, mille t\u00f5i talle tuttav 1987. aastal tollasest Jugoslaaviast. Olles eelnevalt juba harjutanud erinevaid v\u00f5itluskunste, v\u00f5ttis ta julguse alustada raamatu p\u00f5hjal treeninguid ja kutsus kaks aastat hiljem kokku grupi huvilisi. Dikarevi esimesed tasemev\u00f6\u00f6 atesteerimised toimusid Venemaal, tollases Leningradis. Hiljem l\u00f5i ta Tallinnas aikidoklubi nimega Shogun, mille treeningud toimusid koos Ausmehe ja Tedresaare loodud klubiga 1990. aastatel Tallinna vanalinnas R\u00fc\u00fctli t\u00e4naval \u00fches remontimata hoones.<\/p>\n<p>1991. aastal registreeriti ametlikult Tallinna Aikidoklubi. 1992. aastal korraldati koost\u00f6\u00f6s Soome Aikidoliiduga esimene demonstratsioonesinemine ja tutvustav treening Tallinnas ning rahva huvi oli suur. Alates sellest ajast toimus kiire areng ja klubide loomine. Hiljem 2006. aastal moodustati juba MT\u00dc Eesti Aikidoliit, mis esindab t\u00e4nase seisuga enamikke Eestis tegutsevaid aikidoklubisid.<\/p>\n<p>Esimeste aktiivsete Eesti aikidotreeneritena v\u00f5ibki t\u00e4na nimetada Andrei Dikarevi, Rein Ausmeest ja Ants Tedresaart, kellest viimane on kahjuks lahkunud, kuid tema t\u00f6\u00f6 j\u00e4tkajaks sai Kalev Liivorg \u2013 t\u00e4nane Eesti vanim aikido\u00f5petaja. Tallinna aikidoklubi Taikikai tegutseb t\u00e4naseni ja temast on v\u00e4lja arenenud veel kolm klubi. Samuti on Andrei Dikarevi omaaegsest klubist v\u00e4lja kasvanud kaks t\u00e4naseni tegutsevat aikidoklubi Eestis.<\/p>\n<p>Kalev Liivorg &#8211; osales kunagi samuti pealtvaatajana suurel karatev\u00f5istlusel, kus demonstreeriti esimest korda Eesti inimestele aikidod. \u201eMulle meeldis ja tundsin, et tahaksin ka selle alaga tegeleda,\u201d meenutab ta. \u201e1991. aasta augustis n\u00e4gin tolleaegses ajalehes \u201eNoorte H\u00e4\u00e4l\u201d kuulutust, et Tallinna Aikidoklubi alustab vastuv\u00f5ttu. Olin 38-aastane ning k\u00fcsisin treener Ants Tedresaarelt, ega ma liialt vana ole. Meil tekkis Antsuga hea kontakt, minust sai tema p\u00f5hiline partner ja hiljem pani ta mind algajaid \u00f5petama. P\u00e4rast Antsu surma 2008. aastal j\u00e4tkasin treenerina tema loodud klubis Musubi.\u201d<\/p>\n<p>Liivorg nendib, et tema meelest on aikido kandepind Eestis seni veel v\u00e4ike. \u201eAga Eesti Aikidoliit elab ja meie entusiasm pole kadunud,\u201d lisab ta.<\/p>\n<p style=\"text-align: center;\"><strong>Algusaastate kaootilised treeningud ja h\u00e4rmas tatamimatid<\/strong><\/p>\n<p>Aikidoentusiaist Allan Voog meenutab, et kuulis aikidost Lembit Kolgi enesekaitsekursustel, kus n\u00e4htud tehnikad tundusid omap\u00e4rased ja t\u00f5husad. Ka tema n\u00e4gi 1991. aastal \u201eNoorte H\u00e4\u00e4le\u201c kuulutust, kus kutsuti t\u00e4iskasvanuid Tallinna Ol\u00fcmpiapurjespordikeskusesse treeningutele. Esimeses tunnis osalesid treenerid Rein Ausmees ja Ants Tedresaar ning neli potentsiaalset harjutajat, kellest kaks on t\u00e4naseni alaga tegelemas. Kuutasu oli 10 rubla nelja treeningkorra kohta n\u00e4dalas. Aeg-ajalt k\u00e4is treeningutel \u201evana tegijana\u201c Vello Salumets, kes demonstreeris natuke keerulisemaid tehnikaid.<\/p>\n<p>\u201eKui olime umbes n\u00e4dala harjutanud, tuli meile seminari andma Jorma Rissanen. Seal osales suur osa tollasest Eesti v\u00f5itluskunstiga tegelejate koorekihist ja minu jaoks oli see esimene v\u00f5imalus \u201ep\u00e4ris\u201c aikidod oma silmaga n\u00e4ha ja kehaga tunda. Jorma oma s\u00f5bralikkusega on kindlasti \u00fcks p\u00f5hjustest, miks ma ala juurde j\u00e4in. Muide, selle seminari raames toimunud Jorma demonstratsioonesinemist n\u00e4idati \u201eAktuaalses kaameras\u201c,\u201d meenutab Voog.<\/p>\n<div style=\"width: 978px;\" class=\"wp-video\"><video class=\"wp-video-shortcode\" id=\"video-431-1\" width=\"978\" height=\"550\" preload=\"metadata\" controls=\"controls\"><source type=\"video\/mp4\" src=\"https:\/\/estaikido.ee\/wp-content\/uploads\/2023\/12\/AikidoEestis1991.mp4?_=1\" \/><a href=\"https:\/\/estaikido.ee\/wp-content\/uploads\/2023\/12\/AikidoEestis1991.mp4\">https:\/\/estaikido.ee\/wp-content\/uploads\/2023\/12\/AikidoEestis1991.mp4<\/a><\/video><\/div>\n<p style=\"text-align: center;\"><em>Jorma Rissaneni demonstratsioonesinemisne, mida n\u00e4idati \u201eAktuaalses kaameras\u201c aastal 1991<\/em><\/p>\n<p>Ta lisab, et algusaegade treeninguid iseloomustas suur kaootilisus, sest treenerid \u00f5ppisid koos treenitavatega. \u201eSee, mida meie omal ajal \u00f5ppisime ja harjutasime paar aastat, v\u00f5etakse t\u00e4nap\u00e4eva algkursustel l\u00e4bi umbes kahe kuuga. Lisaks k\u00e4is treeningutega kaasas parasjagu fanatismi: kukkumisi sai harjutatud \u00fcle tooli seljatoe h\u00fcpates ja omaalgatuslikud m\u00f5\u00f5gav\u00f5itlused l\u00f5ppesid sageli kolksudega vastu pead. Kohe alguses tehti selgeks oluline reegel \u2013 kui tahad areneda, tuleb k\u00e4ia kohal. Ja me k\u00e4isimegi, s\u00f5ltumata tervislikust seisundist ja perekondlikest t\u00e4htp\u00e4evadest!\u201d<\/p>\n<p style=\"text-align: center;\"><img loading=\"lazy\" decoding=\"async\" class=\"alignnone size-full wp-image-441\" src=\"https:\/\/estaikido.ee\/wp-content\/uploads\/2023\/09\/aikidoEestis1992.jpg\" alt=\"aikidoEestis1992\" width=\"2070\" height=\"1456\" srcset=\"https:\/\/estaikido.ee\/wp-content\/uploads\/2023\/09\/aikidoEestis1992.jpg 2070w, https:\/\/estaikido.ee\/wp-content\/uploads\/2023\/09\/aikidoEestis1992-300x211.jpg 300w, https:\/\/estaikido.ee\/wp-content\/uploads\/2023\/09\/aikidoEestis1992-1024x720.jpg 1024w, https:\/\/estaikido.ee\/wp-content\/uploads\/2023\/09\/aikidoEestis1992-768x540.jpg 768w, https:\/\/estaikido.ee\/wp-content\/uploads\/2023\/09\/aikidoEestis1992-1536x1080.jpg 1536w, https:\/\/estaikido.ee\/wp-content\/uploads\/2023\/09\/aikidoEestis1992-2048x1441.jpg 2048w, https:\/\/estaikido.ee\/wp-content\/uploads\/2023\/09\/aikidoEestis1992-18x12.jpg 18w, https:\/\/estaikido.ee\/wp-content\/uploads\/2023\/09\/aikidoEestis1992-210x148.jpg 210w\" sizes=\"auto, (max-width: 2070px) 100vw, 2070px\" \/> <em>Esireas vasakult paremale \u2013 kolmas Yasuo Kobayashi, tema k\u00f5rval Juhani Laisi, Jorma Rissanen ja Jukka Luoma. Teises reas vasakult paremale \u2013 neljas Ants Tedresaar, tema k\u00f5rval Andrei Dikarev. P\u00fcsti seisavad paremalt vasakule \u2013 teine Allan Voog ja tema k\u00f5rval Rein Ausmees<\/em><\/p>\n<p>Teisel hooajal kolisid trennid Tallinna Raskej\u00f5ustikumajja R\u00fc\u00fctli t\u00e4naval, mis praegu on Tallinna Uue Seegi hoone. Seal oli kaks saali, kus hakkas k\u00e4ima ka venekeelne grupp Andrei Dikarevi juhendamisel. L\u00e4bisaamine gruppidel oli hea, aga saalide tingimused olid karmid: n\u00e4dalavahetustel ruume ei k\u00f6etud ja hommikul tatamile minnes oli see h\u00e4rmas, samuti polnud sooja vett. Ja kuna ruumis puudus kell, siis treener Antsu fanaatilisel vedamisel v\u00f5isid trennid m\u00f5nikord kesta isegi paar tundi \u00fcle aja.<\/p>\n<p>9. mail 1993 toimus esimene gradueerimine, kus hindajaks oli tollane Soome Aikidoliidu esimees Jukka Luoma. Kuna paljud olid juba kaks aastat treeninud, said nad teha kohe 6. ja 5. Kyu eksamid koos. Treenerid Rein Ausmees ja Ants Tedresaar olid saanud m\u00f5ni aeg varem Soomes Kobayashi sensei laagris 2. Kyu. V\u00f6\u00f6tasemete puhul t\u00e4hendab Kyu juures v\u00e4iksem number tehniliselt k\u00f5rgemat v\u00f6\u00f6taset. Dan tasemeni j\u00f5udnutel muutub j\u00e4rjekord vastupidiseks \u2013 suurem number v\u00e4ljendab k\u00f5rgemat v\u00f6\u00f6taset.<\/p>\n<p style=\"text-align: center;\"><strong>Yasuo Kobayashi: loodan, et aikido areng Eestis j\u00e4tkub!<\/strong><\/p>\n<p>Aikido looja Morihei Ueshiba otsene \u00f5pilane Yasuo Kobayashi 8. Dan \u00f5petas aikidod Rootsis ja Soomes juba 1977. aastal. Aastal 1992 tekkis tal v\u00f5imalus tulla koos 5-6 Soome Aikidoklubi treeneriga Eestisse aikidod \u00f5petama. \u201eM\u00e4letan, et Tallinn on linnriik, mis algab kohe sadamast linnam\u00fc\u00fcriga. Meile tuldi j\u00e4rele \u00fche autoga ning tagaistmele mahutati k\u00f5ik 5-6 treenerit. Ma ei olnud sellist asja varem n\u00e4inud. Pangas vahetasin Soome markasid kohaliku raha vastu ja sain inflatsiooni t\u00f5ttu niipalju paberraha, et see ei mahtunud rahakotti!\u201d<\/p>\n<p>Kobayashi k\u00e4is Tallinnas mitmel aastal ning tal oli hea meel, kui siin loodi esimene aikidole spetsialiseerunud dojo ehk treeningsaal. Kobayashi on Voogi s\u00f5nul v\u00e4ga l\u00f5bus \u00f5petaja, mitte range ja liialt reegleid j\u00e4rgiv, nagu v\u00f5iks eeldada. Tema stiil on j\u00e4tnud j\u00e4lje paljudele siinsetele harjutajatele.<\/p>\n<p>Aastal 1995 k\u00fclastas Eestit esmakordselt ka Jaapanis asuva aikido peakorteri Hombu Dojo \u00f5petaja Masatake Fujita. Sellest ajast alates on Jaapani peakorteri \u00f5petajad k\u00fclastanud Eestit peaaegu igal aastal. Pikim paus on seni tekkinud vaid COVID pandeemia t\u00f5ttu.<\/p>\n<p style=\"text-align: center;\"><img loading=\"lazy\" decoding=\"async\" class=\"alignnone size-full wp-image-435\" src=\"https:\/\/estaikido.ee\/wp-content\/uploads\/2023\/09\/aikidopdfextract.jpg\" alt=\"aikidoHombuFujita\" width=\"1062\" height=\"703\" srcset=\"https:\/\/estaikido.ee\/wp-content\/uploads\/2023\/09\/aikidopdfextract.jpg 1062w, https:\/\/estaikido.ee\/wp-content\/uploads\/2023\/09\/aikidopdfextract-300x199.jpg 300w, https:\/\/estaikido.ee\/wp-content\/uploads\/2023\/09\/aikidopdfextract-1024x678.jpg 1024w, https:\/\/estaikido.ee\/wp-content\/uploads\/2023\/09\/aikidopdfextract-768x508.jpg 768w, https:\/\/estaikido.ee\/wp-content\/uploads\/2023\/09\/aikidopdfextract-18x12.jpg 18w, https:\/\/estaikido.ee\/wp-content\/uploads\/2023\/09\/aikidopdfextract-210x139.jpg 210w\" sizes=\"auto, (max-width: 1062px) 100vw, 1062px\" \/><br \/>\n<em>Esireas keskel musta hakamaga Masatake Fujita<\/em><\/p>\n<p style=\"text-align: center;\"><strong>V\u00f5istluskunst \u00f5petab leplikkust ja rivaalitsemisest loobumist<\/strong><\/p>\n<p>Aikido on konkurentsivaba v\u00f5itlusala, kus iga\u00fcks saab treenida omas tempos. Eesti Aikidoliidu juhatuse t\u00e4nane (2023) esimees Allan V\u00e4\u00e4r selgitab, et aikidos tehakse k\u00fcll v\u00f6\u00f6eksameid, aga nende sooritamine on iga\u00fche vaba valik. Samas, alaga t\u00f5siselt tegeledes tekib hasart ning soov areneda ja seet\u00f5ttu enamik v\u00f5tab siiski julguse kokku ja l\u00e4heb eksamile. Kui v\u00f5istlusspordialade harrastajatel saab \u00fcle 40-aastaselt \u201eparim enne\u201d otsa, siis aikidoga v\u00f5ib tegeleda terve elu. Jaapanis tegelevad aikidoga ka \u00fcle 80-aastased. Eestiski on harrastajate hulgas nii pensioniealisi kui ka lapsi.<\/p>\n<p>Aikido harrastamine eeldab rahulikumat meelelaadi, mis v\u00f5imaldab rivaalitsemisest loobuda. Treening algab soojendusega, mis k\u00f5rvalseisjale v\u00f5ib meenutada joogat. Seej\u00e4rel harjutatakse pehmelt ja veerevalt kukkumist ning alles siis hakkavad tulema paarisharjutused. Treenijad on vaheldumisi r\u00fcndaja ja r\u00fcnnatava rollis. V\u00f5itluskunsti kaugem eesm\u00e4rk on j\u00f5uda tajup\u00f5hise liikumiseni, kus \u00f5pitud tehnikad v\u00f5tavad ise olukorrast l\u00e4htudes uue kuju. Treeningu l\u00f5pus on venitus- ja hingamisharjutused, mis aitavad treeningu tempost v\u00e4lja tulla.<\/p>\n<p>V\u00e4\u00e4r ise j\u00f5udis aikido juurde 22-aastaselt 1992. aastal ning m\u00f6\u00f6nab, et temagi ei saanud esimestel treeningutel asjadest eriti aru. \u201eAikido eesm\u00e4rk pole mitte v\u00f5it vastase \u00fcle, vaid tuleb saavutada r\u00fcndaja energiat kasutades kontroll tema \u00fcle. Seda v\u00f5ib nimetada l\u00f5puta teekonnaks.\u201c<\/p>\n<p>Eesti Aikidoliit kutsub k\u00f5iki huvilisi aikidod proovima! T\u00e4psemat infot nii v\u00f5itluskunsti kui ka Eesti Aikidoliidu kohta leiab siit: <a href=\"https:\/\/www.facebook.com\/estonian.aikido.federation\" target=\"_blank\" rel=\"noopener\">https:\/\/www.facebook.com\/estonian.aikido.federation<\/a><\/p>\n<hr \/>\n<blockquote><p><strong>KOMMENTAAR:<\/strong><br \/>\n1982. aastal tutvustas Soome aikidolegend Rainer Varis \u00fche karate\u00fcrituse raames esmakordselt Eesti publikule aikidod. K\u00e4isime toona Vello Salumetsaga Andres Lutsari juures judot tegemas. Meile hakkas aikido kohe meeldima. Sama meelt oli ka meie \u00fchine tuttav, karateka Igor Neemre ja \u00fcsna varsti \u00fchinesid maadlustaustaga Georg Peets, seej\u00e4rel Ants Tedresaar ja Rein Ausmees. Algus ei olnud kerge, \u00f5ppematerjale polnud kusagilt saada, p\u00fc\u00fcdsime leiutada jalgratast. Kui Vello Salumets tutvus Soome aikidoharrastajatega, tuli Jorma Rissanen oma s\u00f5pradega korduvalt meid Tallinnasse \u00f5petama. Ja kuigi ma ise ei tegele enam ammu aikidoga, olen kindel, et aikodo on \u00fcks ilusamaid asju, mis on maailmas v\u00e4lja m\u00f5eldud!<\/p>\n<p style=\"text-align: right;\"><strong>filmioperaator Janno P\u00f5ldma<\/strong><\/p>\n<\/blockquote>\n<p style=\"text-align: center;\"><strong>Autorid &#8211; Gerli Ramler, Allan Voog ja Allan V\u00e4\u00e4r<\/strong><br \/>\n<strong>(kogutud m\u00e4lestuste p\u00f5hjal, 2023)<\/strong><\/p>\n<p style=\"text-align: right;\">Avaldatud 21.09.2023<\/p>\n","protected":false},"excerpt":{"rendered":"<p>Kuidas sai alguse Jaapani v\u00f5itluskunsti aikido harrastamine Eestis? Aikido on Jaapani v\u00f5itluskunst, millega on Eestis tegeletud aktiivselt juba \u00fcle 30. aasta. Kuigi v\u00f5ib \u00f6elda, et aikido t\u00f5id Eestisse soomlased, j\u00f5udsid &hellip; <a class=\"readmore\" href=\"https:\/\/estaikido.ee\/et\/artikkel\/\">J\u00e4tka lugemist \u2192<\/a><\/p>\n","protected":false},"author":1,"featured_media":0,"parent":0,"menu_order":0,"comment_status":"closed","ping_status":"closed","template":"","meta":{"advgb_blocks_editor_width":"","advgb_blocks_columns_visual_guide":"","footnotes":""},"class_list":["post-431","page","type-page","status-publish","hentry"],"coauthors":[],"author_meta":{"author_link":"https:\/\/estaikido.ee\/et\/author\/admin\/","display_name":"admin"},"relative_dates":{"created":"Posted 3 aastat ago","modified":"Updated 4 n\u00e4dalat ago"},"absolute_dates":{"created":"Posted on september 21, 2023","modified":"Updated on m\u00e4rts 14, 2026"},"absolute_dates_time":{"created":"Posted on september 21, 2023 09:49","modified":"Updated on m\u00e4rts 14, 2026 00:35"},"featured_img_caption":"","featured_img":false,"series_order":"","_links":{"self":[{"href":"https:\/\/estaikido.ee\/et\/wp-json\/wp\/v2\/pages\/431","targetHints":{"allow":["GET"]}}],"collection":[{"href":"https:\/\/estaikido.ee\/et\/wp-json\/wp\/v2\/pages"}],"about":[{"href":"https:\/\/estaikido.ee\/et\/wp-json\/wp\/v2\/types\/page"}],"author":[{"embeddable":true,"href":"https:\/\/estaikido.ee\/et\/wp-json\/wp\/v2\/users\/1"}],"replies":[{"embeddable":true,"href":"https:\/\/estaikido.ee\/et\/wp-json\/wp\/v2\/comments?post=431"}],"version-history":[{"count":20,"href":"https:\/\/estaikido.ee\/et\/wp-json\/wp\/v2\/pages\/431\/revisions"}],"predecessor-version":[{"id":457,"href":"https:\/\/estaikido.ee\/et\/wp-json\/wp\/v2\/pages\/431\/revisions\/457"}],"wp:attachment":[{"href":"https:\/\/estaikido.ee\/et\/wp-json\/wp\/v2\/media?parent=431"}],"curies":[{"name":"wp","href":"https:\/\/api.w.org\/{rel}","templated":true}]}}