{"id":42,"date":"2020-09-24T23:10:11","date_gmt":"2020-09-24T20:10:11","guid":{"rendered":"https:\/\/estaikido.ee\/?page_id=42"},"modified":"2025-07-14T16:06:47","modified_gmt":"2025-07-14T13:06:47","slug":"liikmesklubid","status":"publish","type":"page","link":"https:\/\/estaikido.ee\/et\/liikmesklubid\/","title":{"rendered":"Liikmesklubid"},"content":{"rendered":"\r\n<table class=\"wp-block-advgb-table aligncenter advgb-table-frontend is-style-stripes\" style=\"table-layout: fixed; border-style: solid;\">\r\n<tbody>\r\n<tr>\r\n<td style=\"padding-right: 20px; padding-bottom: 0; padding-left: 20px;\" colspan=\"4\">\r\n<div id=\"agatsu\"><strong>AGATSU<\/strong><\/div>\r\n<\/td>\r\n<\/tr>\r\n<tr>\r\n<td style=\"padding: 5px;\" width=\"25%\"><img loading=\"lazy\" decoding=\"async\" width=\"150\" height=\"132\" class=\"wp-image-71\" style=\"width: 150px;\" src=\"https:\/\/estaikido.ee\/wp-content\/uploads\/2020\/09\/Agatsu_r.png\" alt=\"Agatsu_logo\" srcset=\"https:\/\/estaikido.ee\/wp-content\/uploads\/2020\/09\/Agatsu_r.png 1798w, https:\/\/estaikido.ee\/wp-content\/uploads\/2020\/09\/Agatsu_r-300x263.png 300w, https:\/\/estaikido.ee\/wp-content\/uploads\/2020\/09\/Agatsu_r-1024x899.png 1024w, https:\/\/estaikido.ee\/wp-content\/uploads\/2020\/09\/Agatsu_r-768x674.png 768w, https:\/\/estaikido.ee\/wp-content\/uploads\/2020\/09\/Agatsu_r-1536x1348.png 1536w, https:\/\/estaikido.ee\/wp-content\/uploads\/2020\/09\/Agatsu_r-210x184.png 210w\" sizes=\"auto, (max-width: 150px) 100vw, 150px\" \/><\/td>\r\n<td style=\"text-align: justify; vertical-align: middle; padding: 5px 20px 5px 20px;\" colspan=\"3\" width=\"75%\">Aikidoklubis Agatsu harrastatakse traditsioonilist Aikikai stiilis aikido&#8217;d. Klubi j\u00e4rgib <a href=\"https:\/\/en.wikipedia.org\/wiki\/Nobuyoshi_Tamura\">Nobuyoshi Tamura<\/a> \u00f5petust, kes oli aikido looja Morihei Ueshiba otsene \u00f5pilane. Kord aastas korraldab klubi paarip\u00e4evaseid seminare, mida on kutsutud vedama Tamura Sensei pikaaegne \u00f5pilane <a href=\"https:\/\/www.facebook.com\/mickael.martin.1428\">Micka\u00ebl Martin<\/a>.<\/td>\r\n<\/tr>\r\n<tr>\r\n<td style=\"padding: 1px 20px 1px 20px;\" colspan=\"2\" width=\"50%\"><strong>T\u00e4iskasvanute trenniajad:<\/strong><br \/><strong>E<\/strong> 19:00 &#8211; 21:00 2h<br \/><strong>K<\/strong> 19:00 &#8211; 21:00 2h<br \/><strong>N<\/strong> 18:30 &#8211; 20:30 2h<br \/><br \/><strong>Laste trenniajad:<\/strong><br \/><strong>K<\/strong> 19:00 &#8211; 20:00 1h<br \/><strong>N<\/strong> 18:30 &#8211; 19:30 1h<\/td>\r\n<td style=\"padding: 5px 20px 5px 20px;\" colspan=\"2\" width=\"50%\">\r\n<p><strong>Peatreener:<\/strong> Hillar Pliiats<br \/><strong>E-mail:<\/strong> info@agatsu.ee<br \/><strong>Tel:<\/strong> 510 7352<br \/><strong>Koduleht:<\/strong> <a href=\"https:\/\/agatsu.ee\" target=\"_blank\" rel=\"noreferrer noopener\">agatsu.ee<\/a><br \/><strong>Facebook:<\/strong> <a href=\"https:\/\/www.facebook.com\/Aikidoklubi.Agatsu\/\" target=\"_blank\" rel=\"noreferrer noopener\">@Aikidoklubi.Agatsu<\/a><br \/><strong>Aadress:<\/strong> Kristiine spordimaja, S\u00f5pruse puiestee 161, TALLINN<br \/><iframe src=\"https:\/\/maps.google.com\/maps?q=s%C3%B5pruse%20puiestee%20161&amp;t=&amp;z=15&amp;ie=UTF8&amp;iwloc=&amp;output=embed\" frameborder=\"0\" marginwidth=\"0\" marginheight=\"0\" scrolling=\"no\"><\/iframe><\/p>\r\n<\/td>\r\n<\/tr>\r\n<tr>\r\n<td>\u00a0<\/td>\r\n<\/tr>\r\n<tr>\r\n<td style=\"padding: 5px 20px 5px 20px;\" colspan=\"4\">\r\n<div id=\"arashi\"><strong>ARASHI<\/strong><\/div>\r\n<\/td>\r\n<\/tr>\r\n<tr>\r\n<td style=\"padding: 5px;\" width=\"25%\"><img decoding=\"async\" class=\"wp-image-71\" style=\"width: 150px;\" src=\"https:\/\/estaikido.ee\/wp-content\/uploads\/2021\/05\/arashi_logo.jpg\" alt=\"Arashi_logo\" \/><\/td>\r\n<td style=\"text-align: justify; vertical-align: middle; padding: 5px 20px 5px 20px;\" colspan=\"3\" width=\"75%\">\u00a0<\/td>\r\n<\/tr>\r\n<tr>\r\n<td style=\"padding: 1px 20px 1px 20px;\" colspan=\"2\" width=\"50%\"><strong>T\u00e4iskasvanute trenniajad:<\/strong><br \/><strong>E<\/strong> 19:00 &#8211; 20:30 1.5h<br \/><strong>K<\/strong> 19:00 &#8211; 20:30 1.5h<br \/><strong>R<\/strong> 19:00 &#8211; 20:30 1.5h<\/td>\r\n<td style=\"padding: 5px 20px 5px 20px;\" colspan=\"2\" width=\"50%\">\r\n<p><strong>Peatreener:<\/strong> Igor Suhhanov<br \/><strong>E-mail:<\/strong> arashi.tallinn@gmail.com<br \/><strong>Tel:<\/strong> 513 1107<br \/><strong>Facebook:<\/strong> <a href=\"https:\/\/www.facebook.com\/Arashi-Tallinn-Aikido-group-1665976433656648\/\" target=\"_blank\" rel=\"noreferrer noopener\">Arashi Tallinn Aikido group<\/a><br \/><strong>Aadress:<\/strong> Pirita velotrek, Rummu tee 3, TALLINN <br \/><iframe src=\"https:\/\/www.google.com\/maps\/embed?pb=!1m18!1m12!1m3!1d2027.209160194765!2d24.83002391606249!3d59.46293788170581!2m3!1f0!2f0!3f0!3m2!1i1024!2i768!4f13.1!3m3!1m2!1s0x4692ecd4caa42d6b%3A0x8dd48eaa7185b607!2sRummu%20tee%203%2C%2011911%20Tallinn!5e0!3m2!1sen!2see!4v1620144192561!5m2!1sen!2see\" frameborder=\"0\" marginwidth=\"0\" marginheight=\"0\" scrolling=\"no\"><\/iframe><\/p>\r\n<\/td>\r\n<\/tr>\r\n<tr>\r\n<td>\u00a0<\/td>\r\n<\/tr>\r\n<tr>\r\n<td style=\"padding: 5px 20px 5px 20px;\" colspan=\"4\">\r\n<div id=\"dojin\"><strong>DOJIN DOJO<\/strong><\/div>\r\n<\/td>\r\n<\/tr>\r\n<tr>\r\n<td style=\"padding: 5px;\" width=\"25%\"><img decoding=\"async\" class=\"wp-image-71\" style=\"width: 150px;\" src=\"https:\/\/estaikido.ee\/wp-content\/uploads\/2021\/05\/Dojin_logo.jpg\" alt=\"Dojin_logo\" \/><\/td>\r\n<td style=\"text-align: justify; vertical-align: middle; padding: 5px 20px 5px 20px;\" colspan=\"3\" width=\"75%\">\u00a0<\/td>\r\n<\/tr>\r\n<tr>\r\n<td style=\"padding: 1px 20px 1px 20px;\" colspan=\"2\" width=\"50%\"><strong>T\u00e4iskasvanute trenniajad:<\/strong><br \/><strong>E<\/strong> 20:30 &#8211; 22:00 1.5h<br \/><strong>K<\/strong> 20:30 &#8211; 22:00 1.5h<br \/><strong>R<\/strong> 20:30 &#8211; 22:00 1.5h<\/td>\r\n<td style=\"padding: 5px 20px 5px 20px;\" colspan=\"2\" width=\"50%\">\r\n<p><strong>Peatreener:<\/strong> Dmitri Me\u0161t\u0161erjakov<br \/><strong>E-mail:<\/strong> info@aikido.ee<br \/><strong>Tel:<\/strong> 528 7407<br \/><strong>Koduleht:<\/strong> <a href=\"http:\/\/www.aikido.ee\/\" target=\"_blank\" rel=\"noreferrer noopener\">aikido.ee<\/a><br \/><strong>Facebook:<\/strong> <a href=\"https:\/\/www.facebook.com\/dojindojo\/\" target=\"_blank\" rel=\"noreferrer noopener\">@dojindojo<\/a><br \/><strong>Aadress:<\/strong> Lasnamae Spordikompleks, Pae 1, TALLINN<br \/><iframe src=\"https:\/\/www.google.com\/maps\/embed?pb=!1m18!1m12!1m3!1d2029.40841592912!2d24.796922916060975!3d59.42626268169285!2m3!1f0!2f0!3f0!3m2!1i1024!2i768!4f13.1!3m3!1m2!1s0x4692ecaa61df987f%3A0x64ac593212881b4c!2sPae%201%2C%2011411%20Tallinn!5e0!3m2!1sen!2see!4v1620143518340!5m2!1sen!2see\" frameborder=\"0\" marginwidth=\"0\" marginheight=\"0\" scrolling=\"no\"><\/iframe><\/p>\r\n<\/td>\r\n<\/tr>\r\n<tr>\r\n<td>\u00a0<\/td>\r\n<\/tr>\r\n<!--\r\n<tr>\r\n<td style=\"padding: 5px 20px 5px 20px;\" colspan=\"4\">\r\n<div id=\"momidzi\"><strong>MOMIDZI<\/strong><\/div>\r\n<\/td>\r\n<\/tr>\r\n<tr>\r\n<td style=\"padding: 5px;\" width=\"25%\"><img decoding=\"async\" class=\"wp-image-118\" style=\"width: 150px;\" src=\"https:\/\/estaikido.ee\/wp-content\/uploads\/2023\/06\/momidzi_logo.jpg\" alt=\"Momidzi_logo\" \/><\/td>\r\n<td style=\"text-align: justify; vertical-align: middle; padding: 5px 20px 5px 20px;\" colspan=\"3\" width=\"75%\">\u00a0<\/td>\r\n<\/tr>\r\n<tr>\r\n<td style=\"padding: 5px 20px 5px 20px;\" colspan=\"2\" width=\"50%\"><strong>Trenniajad:<\/strong><br \/><strong>E<\/strong> 18:30 - 20:00 1.5h<br \/><strong>K<\/strong> 18:30 - 20:00 1.5h<\/td>\r\n<td style=\"padding: 5px 20px 5px 20px;\" colspan=\"2\" width=\"50%\"><strong>Peatreener:<\/strong> Sergey Ermakov<br \/><strong>E-mail:<\/strong> kadri.jalonen@ivek.ee<br \/><strong>Tel:<\/strong> 517 4236<br \/><strong>Facebook:<\/strong> <a href=\"https:\/\/www.facebook.com\/Momidzi\" target=\"_blank\" rel=\"noreferrer noopener\">Spordiklubi Momidzi<\/a><br \/><strong>Aadress:<\/strong> Sillam\u00e4e Noortekeskus, Kalda 14, SILLAM\u00c4E<br \/><iframe src=\"https:\/\/maps.google.com\/maps?q=Kalda%2014%2C%20Sillam%C3%A4e%2C%2040231%20Ida-Viru%20maakond%2C%20Estonia&amp;t=&amp;z=15&amp;ie=UTF8&amp;iwloc=&amp;output=embed\" frameborder=\"0\" marginwidth=\"0\" marginheight=\"0\" scrolling=\"no\"><\/iframe><\/td>\r\n<\/tr>\r\n<tr>\r\n<td style=\"padding: 5px 20px 5px 20px;\" colspan=\"4\">\u00a0<\/td>\r\n<\/tr>\r\n-->\r\n<tr>\r\n<td style=\"padding: 5px 20px 5px 20px;\" colspan=\"4\">\r\n<div id=\"musubi\"><strong>MUSUBI<\/strong><\/div>\r\n<\/td>\r\n<\/tr>\r\n<tr>\r\n<td style=\"padding: 5px;\" width=\"25%\"><img decoding=\"async\" class=\"wp-image-118\" style=\"width: 150px;\" src=\"https:\/\/estaikido.ee\/wp-content\/uploads\/2021\/11\/musubi_logo.png\" alt=\"Musubi_logo\" \/><\/td>\r\n<td style=\"text-align: justify; vertical-align: middle; padding: 5px 20px 5px 20px;\" colspan=\"3\" width=\"75%\">Klubi loodi 1997 aastal ja alates sellest ajast on toimunud regulaarsed treeningud. Klubi treener ja asutajaliige, Kalev Liivorg, on t\u00e4naseks harrastanud aikido&#8217;d juba 30 aastat. Nende aastate jooksul on Kalev osalenud v\u00e4ga paljudel seminaridel ning omab muljetavaldavat kogemuste pagasit. Klubis harrastatakse pehmemat ja rahulikumat stiili ning treeningud toimuvad v\u00e4hemalt kolm korda n\u00e4dalas. <br \/>Aikidoklubi MUSUBI kuulub alates aastast 2006 Eesti Aikidoliitu ja on selle \u00fcks asutajaliikmetest.<\/td>\r\n<\/tr>\r\n<tr>\r\n<td style=\"padding: 5px 20px 5px 20px;\" colspan=\"2\" width=\"50%\"><strong>Trenniajad:<\/strong><br \/><strong>E<\/strong> 18:30 &#8211; 20:00 1.5h<br \/><strong>K<\/strong> 18:30 &#8211; 20:00 1.5h<br \/><strong>R<\/strong> 18:30 &#8211; 20:00 1.5h<\/td>\r\n<td style=\"padding: 5px 20px 5px 20px;\" colspan=\"2\" width=\"50%\"><strong>Peatreener:<\/strong> Kalev Liivorg<br \/><strong>E-mail:<\/strong> kalev.liivorg@gmail.com<br \/><strong>Tel:<\/strong> 565 641 39<br \/><strong>Facebook:<\/strong> <a href=\"https:\/\/www.facebook.com\/Aikidoklubi.Musubi\" target=\"_blank\" rel=\"noreferrer noopener\" data-type=\"URL\" data-id=\"@Aikidoklubi.Musubi\">@Aikidoklubi.Musubi<\/a><br \/><strong>Aadress:<\/strong> Hilariuse Kool, S\u00f5le 40, TALLINN<br \/><iframe src=\"https:\/\/www.google.com\/maps\/embed?pb=!1m18!1m12!1m3!1d2028.4443414198315!2d24.70348597752104!3d59.44234147466925!2m3!1f0!2f0!3f0!3m2!1i1024!2i768!4f13.1!3m3!1m2!1s0x46929478ba1fe5bf%3A0x4660c2b1dd75f5fd!2sS%C3%B5le%20tn%2040%2C%2010317%20Tallinn!5e0!3m2!1sen!2see!4v1752492280894!5m2!1sen!2see&amp;t=&amp;z=15&amp;ie=UTF8&amp;iwloc=&amp;output=embed\" frameborder=\"0\" marginwidth=\"0\" marginheight=\"0\" scrolling=\"no\"><\/iframe><\/td>\r\n<\/tr>\r\n<tr>\r\n<td style=\"padding: 5px 20px 5px 20px;\" colspan=\"4\">\u00a0<\/td>\r\n<\/tr>\r\n<tr>\r\n<td style=\"padding: 5px 20px 5px 20px;\" colspan=\"4\">\r\n<div id=\"yamaneko\"><strong>YAMANEKO<\/strong><\/div>\r\n<\/td>\r\n<\/tr>\r\n<tr>\r\n<td style=\"padding: 5px;\" width=\"25%\"><img loading=\"lazy\" decoding=\"async\" width=\"150\" height=\"150\" class=\"wp-image-118\" style=\"width: 150px;\" src=\"https:\/\/estaikido.ee\/wp-content\/uploads\/2020\/10\/61166104_2797048370336931_3214087000130846720_o.png\" alt=\"Yamaneko_logo\" srcset=\"https:\/\/estaikido.ee\/wp-content\/uploads\/2020\/10\/61166104_2797048370336931_3214087000130846720_o.png 2048w, https:\/\/estaikido.ee\/wp-content\/uploads\/2020\/10\/61166104_2797048370336931_3214087000130846720_o-300x300.png 300w, https:\/\/estaikido.ee\/wp-content\/uploads\/2020\/10\/61166104_2797048370336931_3214087000130846720_o-1024x1024.png 1024w, https:\/\/estaikido.ee\/wp-content\/uploads\/2020\/10\/61166104_2797048370336931_3214087000130846720_o-150x150.png 150w, https:\/\/estaikido.ee\/wp-content\/uploads\/2020\/10\/61166104_2797048370336931_3214087000130846720_o-768x768.png 768w, https:\/\/estaikido.ee\/wp-content\/uploads\/2020\/10\/61166104_2797048370336931_3214087000130846720_o-1536x1536.png 1536w, https:\/\/estaikido.ee\/wp-content\/uploads\/2020\/10\/61166104_2797048370336931_3214087000130846720_o-210x210.png 210w\" sizes=\"auto, (max-width: 150px) 100vw, 150px\" \/><\/td>\r\n<td style=\"text-align: justify; vertical-align: middle; padding: 5px 20px 5px 20px;\" colspan=\"3\" width=\"75%\">Aikidoklubis Yamaneko harrastatakse traditsioonilist aikido&#8217;d. Klubil on l\u00e4hedane suhe <a href=\"http:\/\/www.kobayashi-dojo.com\/english\/\" target=\"_blank\" rel=\"noopener noreferrer\">Kobayashi Dojoga<\/a>, mille rajaja oli aikido looja otsene \u00f5pilane. Koost\u00f6\u00f6s teiste klubidega korraldatakse \u00fchiseid seminare, sealhulgas aikido peakorteri <a href=\"http:\/\/www.aikikai.or.jp\/eng\/\" target=\"_blank\" rel=\"noopener noreferrer\">Hombu Dojo<\/a> seminari Eestis.<\/td>\r\n<\/tr>\r\n<tr>\r\n<td style=\"padding: 5px 20px 5px 20px;\" colspan=\"2\" width=\"50%\"><strong>Trenniajad:<\/strong><br \/><strong>E<\/strong> 18:30 &#8211; 20:00 1.5h<br \/><strong>N<\/strong> 18:30 &#8211; 20:00 1.5h<\/td>\r\n<td style=\"padding: 5px 20px 5px 20px;\" colspan=\"2\" width=\"50%\"><strong>Peatreener:<\/strong> Allan V\u00e4\u00e4r<br \/><strong>E-mail:<\/strong> aikidoklubiyamaneko@gmail.com<br \/><strong>Tel:<\/strong> 501 5531<br \/><strong>Facebook:<\/strong> <a href=\"https:\/\/www.facebook.com\/Aikidoklubi.Yamaneko\/\" target=\"_blank\" rel=\"noreferrer noopener\">@Aikidoklubi.Yamaneko<\/a><br \/><strong>Aadress:<\/strong> Tabasalu spordikompleks, Kooli 1, TABASALU<br \/><iframe src=\"https:\/\/maps.google.com\/maps?q=kooli%201%2C%20tabasalu&amp;t=&amp;z=15&amp;ie=UTF8&amp;iwloc=&amp;output=embed\" frameborder=\"0\" marginwidth=\"0\" marginheight=\"0\" scrolling=\"no\"><\/iframe><\/td>\r\n<\/tr>\r\n<\/tbody>\r\n<\/table>\r\n","protected":false},"excerpt":{"rendered":"","protected":false},"author":1,"featured_media":0,"parent":0,"menu_order":0,"comment_status":"closed","ping_status":"closed","template":"","meta":{"advgb_blocks_editor_width":"large","advgb_blocks_columns_visual_guide":"","footnotes":""},"class_list":["post-42","page","type-page","status-publish","hentry"],"coauthors":[],"author_meta":{"author_link":"https:\/\/estaikido.ee\/et\/author\/admin\/","display_name":"admin"},"relative_dates":{"created":"Posted 6 aastat ago","modified":"Updated 10 kuud ago"},"absolute_dates":{"created":"Posted on september 24, 2020","modified":"Updated on juuli 14, 2025"},"absolute_dates_time":{"created":"Posted on september 24, 2020 23:10","modified":"Updated on juuli 14, 2025 16:06"},"featured_img_caption":"","featured_img":false,"series_order":"","_links":{"self":[{"href":"https:\/\/estaikido.ee\/et\/wp-json\/wp\/v2\/pages\/42","targetHints":{"allow":["GET"]}}],"collection":[{"href":"https:\/\/estaikido.ee\/et\/wp-json\/wp\/v2\/pages"}],"about":[{"href":"https:\/\/estaikido.ee\/et\/wp-json\/wp\/v2\/types\/page"}],"author":[{"embeddable":true,"href":"https:\/\/estaikido.ee\/et\/wp-json\/wp\/v2\/users\/1"}],"replies":[{"embeddable":true,"href":"https:\/\/estaikido.ee\/et\/wp-json\/wp\/v2\/comments?post=42"}],"version-history":[{"count":166,"href":"https:\/\/estaikido.ee\/et\/wp-json\/wp\/v2\/pages\/42\/revisions"}],"predecessor-version":[{"id":480,"href":"https:\/\/estaikido.ee\/et\/wp-json\/wp\/v2\/pages\/42\/revisions\/480"}],"wp:attachment":[{"href":"https:\/\/estaikido.ee\/et\/wp-json\/wp\/v2\/media?parent=42"}],"curies":[{"name":"wp","href":"https:\/\/api.w.org\/{rel}","templated":true}]}}