{"id":240,"date":"2021-05-04T19:26:39","date_gmt":"2021-05-04T16:26:39","guid":{"rendered":"https:\/\/estaikido.ee\/?page_id=240"},"modified":"2024-04-18T17:58:59","modified_gmt":"2024-04-18T14:58:59","slug":"oluline-info","status":"publish","type":"page","link":"http:\/\/estaikido.ee\/et\/oluline-info\/","title":{"rendered":"Eesti Aikidoliit"},"content":{"rendered":"\r\n<p><strong>Eesti Aikidoliit<\/strong> loodi aastal 2006. Oleme Eesti aikidoklubide vabatahtlik \u00fchendus ja kuulume rahvusvahelisse katusorganisatsiooni <strong>International Aikido Federation (IAF).<\/strong><\/p>\r\n\r\n<p style=\"float: left; padding-right: 10px;\"><a href=\"https:\/\/estaikido.ee\/wp-content\/uploads\/2021\/05\/hombu_recognition.pdf\"><img loading=\"lazy\" decoding=\"async\" class=\"alignnone size-full wp-image-191\" src=\"https:\/\/estaikido.ee\/wp-content\/uploads\/2021\/05\/hombu_recognition.png\" alt=\"hombu_recognition\" width=\"205\" height=\"300\" srcset=\"https:\/\/estaikido.ee\/wp-content\/uploads\/2021\/05\/hombu_recognition.png 205w, https:\/\/estaikido.ee\/wp-content\/uploads\/2021\/05\/hombu_recognition-144x210.png 144w\" sizes=\"auto, (max-width: 205px) 100vw, 205px\" \/><\/a><\/p>\r\n<p style=\"text-align: center;\"><br \/><strong>Meie missioon<br \/><\/strong><\/p>\r\nKasvatada huvi aikido vastu ning tagada Eestis pikaajaline traditsioon meie ala harrastamisele.<br \/><\/p>\r\n\r\n<p style=\"text-align: center;\"><strong>Meie tegevused<\/strong><\/p>\r\n<strong>A<\/strong>ikidoklubide koost\u00f6\u00f6 koordineerimine<br \/>\r\n<strong>I<\/strong>ga-aastase \u00fchise aikidoseminari korraldamine<br \/>\r\n<strong>K<\/strong>oost\u00f6\u00f6 arendamine aikido s\u00fcnnimaa Jaapaniga<br \/>\r\n<strong>I<\/strong>damaade kultuuri tutvustamine Eestis<br \/>\r\n<strong>D<\/strong>emonstratsioonesinemised<br \/>\r\n<strong>O<\/strong>salemine rahvusvahelises aikidoliikumises.<br \/>\r\n\r\n<br \/>\r\n<\/p>\r\n<strong>Eesti Aikidoliidu<\/strong>\u00a0liikmeteks v\u00f5ivad olla juriidilised isikud v\u00f5i f\u00fc\u00fcsilistest isikutest koosnevad seltsingud, mis vastavad liidu p\u00f5hikirja tingimustele. Taotlus liikmeks astumise kohta tuleb esitada kirjalikult Eesti Aikidoliidu juhatusele. Taotluse vorm:\u00a0<\/strong><a href=\"https:\/\/estaikido.ee\/wp-content\/uploads\/2021\/05\/EAL_Liikme_AvaldusvormEST_2013.pdf\" target=\"_parent\" rel=\"noopener\">PDF<\/a> | RUS: <a href=\"https:\/\/estaikido.ee\/wp-content\/uploads\/2021\/05\/EAL_Liikme_AvaldusvormRUS_2013.pdf\" target=\"_parent\" rel=\"noopener\">PDF<\/a><br \/><br \/>\r\n\r\nF\u00fc\u00fcsilisest isikust liikme iga-aastane tasu liidule on\u00a0<strong>40\u20ac.<\/strong><br \/><br \/>\r\n\r\nAikido Kyu-taseme eksamid sooritatakse reeglina oma koduklubis. Dan-taseme eksamid v\u00f5tab vastu Eesti Aikidoliidu tehniline komisjon v\u00f5i aikido peakorteri Hombu Dojo \u00f5petaja Jaapanist.<br \/>\r\n<table border=\"0\">\r\n<tbody>\r\n<tr>\r\n<td colspan=\"2\"><strong>Dan eksamitasud<\/strong><\/td>\r\n<\/tr>\r\n<tr>\r\n<td>Shodan &#8211; 1. Dan<\/td>\r\n<td dir=\"\" lang=\"\" scope=\"\" align=\"\" valign=\"\">\u00a520 000 JPY<\/td>\r\n<\/tr>\r\n<tr>\r\n<td>Nidan &#8211; 2. Dan<\/td>\r\n<td dir=\"\" lang=\"\" scope=\"\" align=\"\" valign=\"\">\u00a520 000 JPY<\/td>\r\n<\/tr>\r\n<tr>\r\n<td>Sandan &#8211; 3. Dan<\/td>\r\n<td dir=\"\" lang=\"\" scope=\"\" align=\"\" valign=\"\">\u00a530 000 JPY<\/td>\r\n<\/tr>\r\n<tr>\r\n<td>Yondan &#8211; 4. Dan<\/td>\r\n<td dir=\"\" lang=\"\" scope=\"\" align=\"\" valign=\"\">\u00a540 000 JPY<\/td>\r\n<\/tr>\r\n<\/tbody>\r\n<\/table>\r\nEksamitasu tuleb maksta Eesti Aikidoliidu arveldusarvele\u00a0(selgitusse eksami sooritaja nimi ja tasemeeksami nimetus). Dan-eksamile registreerimise avaldus:\u00a0<a href=\"https:\/\/estaikido.ee\/wp-content\/uploads\/2021\/05\/2012_EAL_YudanshaEksamitaotlus.pdf\" target=\"_parent\" rel=\"noopener\">PDF<\/a> | RUS: <a href=\"https:\/\/estaikido.ee\/wp-content\/uploads\/2021\/05\/2012_EAL_YudanshaEksamitaotlusRUS.pdf\" target=\"_parent\" rel=\"noopener\">PDF<\/a><br \/><br \/>\r\n\r\n\r\n<strong>Tehniline komisjon<\/strong> on aikidoliidus tegutsev vanematest treeneritest koosnev kogu, mille \u00fclesanne on aikido treeningmetoodika kujundamine ning liikmesklubide toetamine tasemeeksamite ettevalmistusel.\r\n<br \/>\r\n\r\n<!-- \/wp:post-content --><br \/>\r\n<p><strong>Eesti Aikidoliidu kontaktinfo:<\/strong><br \/>MT\u00dc Eesti Aikidoliit<br \/>Registrikood 80246152<br \/>E-mail: estonia@aikido-international.org<br \/>Telefon: +372 5015531<br \/><br \/><strong>Pangaandmed:<\/strong><br \/>MT\u00dc Eesti Aikidoliit<br \/>IBAN: EE042200221034419556<br \/>SWIFT\/BIC: HABAEE2X<br \/>SWEDBANK<\/p>\r\n<p><strong>Olulised lingid:<\/strong><\/p>\r\n<p><a href=\"http:\/\/www.aikikai.or.jp\/eng\/index.html\" target=\"_blank\" rel=\"noopener\">Aikikai Foundation Hombu Dojo<\/a><br \/><a href=\"http:\/\/www.aikido-international.org\/\" target=\"_blank\" rel=\"noopener\">International Aikido Federation (IAF)<\/a><\/p>","protected":false},"excerpt":{"rendered":"<p>Eesti Aikidoliit loodi aastal 2006. Oleme Eesti aikidoklubide vabatahtlik \u00fchendus ja kuulume rahvusvahelisse katusorganisatsiooni International Aikido Federation (IAF). Meie missioon Kasvatada huvi aikido vastu ning tagada Eestis pikaajaline traditsioon meie &hellip; <a class=\"readmore\" href=\"http:\/\/estaikido.ee\/et\/oluline-info\/\">J\u00e4tka lugemist \u2192<\/a><\/p>\n","protected":false},"author":1,"featured_media":0,"parent":0,"menu_order":0,"comment_status":"closed","ping_status":"closed","template":"","meta":{"advgb_blocks_editor_width":"","advgb_blocks_columns_visual_guide":"","footnotes":""},"class_list":["post-240","page","type-page","status-publish","hentry"],"coauthors":[],"author_meta":{"author_link":"http:\/\/estaikido.ee\/et\/author\/admin\/","display_name":"admin"},"relative_dates":{"created":"Posted 5 aastat ago","modified":"Updated 2 aastat ago"},"absolute_dates":{"created":"Posted on mai 4, 2021","modified":"Updated on aprill 18, 2024"},"absolute_dates_time":{"created":"Posted on mai 4, 2021 19:26","modified":"Updated on aprill 18, 2024 17:58"},"featured_img_caption":"","featured_img":false,"series_order":"","_links":{"self":[{"href":"http:\/\/estaikido.ee\/et\/wp-json\/wp\/v2\/pages\/240","targetHints":{"allow":["GET"]}}],"collection":[{"href":"http:\/\/estaikido.ee\/et\/wp-json\/wp\/v2\/pages"}],"about":[{"href":"http:\/\/estaikido.ee\/et\/wp-json\/wp\/v2\/types\/page"}],"author":[{"embeddable":true,"href":"http:\/\/estaikido.ee\/et\/wp-json\/wp\/v2\/users\/1"}],"replies":[{"embeddable":true,"href":"http:\/\/estaikido.ee\/et\/wp-json\/wp\/v2\/comments?post=240"}],"version-history":[{"count":94,"href":"http:\/\/estaikido.ee\/et\/wp-json\/wp\/v2\/pages\/240\/revisions"}],"predecessor-version":[{"id":462,"href":"http:\/\/estaikido.ee\/et\/wp-json\/wp\/v2\/pages\/240\/revisions\/462"}],"wp:attachment":[{"href":"http:\/\/estaikido.ee\/et\/wp-json\/wp\/v2\/media?parent=240"}],"curies":[{"name":"wp","href":"https:\/\/api.w.org\/{rel}","templated":true}]}}